{"id":452,"date":"2021-10-27T11:22:13","date_gmt":"2021-10-27T11:22:13","guid":{"rendered":"http:\/\/fastwpdemo.com\/newwp\/vcamp\/?page_id=452"},"modified":"2025-10-22T19:24:11","modified_gmt":"2025-10-22T19:24:11","slug":"marketing-digital","status":"publish","type":"page","link":"https:\/\/webactiva.cl\/index.php\/marketing-digital\/","title":{"rendered":"Marketing Digital"},"content":{"rendered":"\t\t<div data-elementor-type=\"wp-page\" data-elementor-id=\"452\" class=\"elementor elementor-452\">\n\t\t\t\t\t\t<section class=\"elementor-section elementor-top-section elementor-element elementor-element-27fabd3 elementor-section-full_width elementor-section-height-default elementor-section-height-default\" data-id=\"27fabd3\" data-element_type=\"section\">\n\t\t\t\t\t\t<div class=\"elementor-container elementor-column-gap-default\">\n\t\t\t\t\t<div class=\"elementor-column elementor-col-100 elementor-top-column elementor-element elementor-element-b71caf5\" data-id=\"b71caf5\" data-element_type=\"column\">\n\t\t\t<div class=\"elementor-widget-wrap elementor-element-populated\">\n\t\t\t\t\t\t<div class=\"elementor-element elementor-element-a17f926 elementor-widget elementor-widget-vcamp_hero_eleven\" data-id=\"a17f926\" data-element_type=\"widget\" data-widget_type=\"vcamp_hero_eleven.default\">\n\t\t\t\t<div class=\"elementor-widget-container\">\n\t\t\t\t\t\t<!-- \n\t=============================================\n\t\tTheme Hero Banner\n\t============================================== \n\t-->\n\t<div class=\"hero-banner-eight\">\n\t\t        \n\t\t<div class=\"scroll-bar\"><\/div>\n\t\t\n\t\t<div class=\"banner-content h-100 d-md-flex align-items-center justify-content-between\">\n\t\t\t<div class=\"text-wrapper\">\n\t\t\t\t<h1 class=\"hero-heading\">Conectamos marcas con personas reales.\n<\/h1>\t\t\t\t<p class=\"hero-sub-heading text-lg\">Creamos estrategias digitales que generan visibilidad, interacci\u00f3n y resultados medibles.<\/p>\t\t\t\t<a href=\"http:\/\/fastwpdemo.com\/newwp\/vcamp\/contact-agency\/\" class=\"theme-btn-eleven ripple-btn\">\ud83d\udc49 \u00a1Consulta con un experto ahora!<\/a>\t\t\t\t\t\t\t<\/div> <!-- \/.text-wrapper -->\n\t\t\t\t\t\t<div class=\"img-wrapper position-relative\">\n\t\t\t\t<img decoding=\"async\" src=\"https:\/\/webactiva.cl\/wp-content\/uploads\/2025\/10\/smartphone.png\" alt=\"Awesome Image\">\n\t\t\t<\/div>\n\t\t\t\t\t<\/div> <!-- \/.banner-content -->\n\t<\/div> <!-- \/.hero-banner-eight -->\n\t<!-- \n\t=============================================\n\t\tEnd Theme Hero Banner\n\t============================================== \n\t-->\n\t\t\t\t\t<\/div>\n\t\t\t\t<\/div>\n\t\t\t\t\t<\/div>\n\t\t<\/div>\n\t\t\t\t\t<\/div>\n\t\t<\/section>\n\t\t\t\t<section class=\"elementor-section elementor-top-section elementor-element elementor-element-c6158a6 elementor-section-full_width elementor-section-height-default elementor-section-height-default\" data-id=\"c6158a6\" data-element_type=\"section\">\n\t\t\t\t\t\t<div class=\"elementor-container elementor-column-gap-default\">\n\t\t\t\t\t<div class=\"elementor-column elementor-col-100 elementor-top-column elementor-element elementor-element-6286f3a\" data-id=\"6286f3a\" data-element_type=\"column\">\n\t\t\t<div class=\"elementor-widget-wrap elementor-element-populated\">\n\t\t\t\t\t\t<div class=\"elementor-element elementor-element-86653c4 elementor-widget elementor-widget-vcamp_features_eleven\" data-id=\"86653c4\" data-element_type=\"widget\" data-widget_type=\"vcamp_features_eleven.default\">\n\t\t\t\t<div class=\"elementor-widget-container\">\n\t\t\t\t\t\t\t\n\t\t\n\t<!-- \n\t=============================================\n\t\tVcamp Feature Section Three\n\t============================================== \n\t-->\n\t<div class=\"vcamp-feature-section-three border-bottom border-top pt-35 pb-60 md-pb-40 md-pt-10\">\n\t\t<div class=\"container\">\n\t\t\t<div class=\"row gx-xl-5 justify-content-between\">\n\t\t\t\t\t\t\t\t<div class=\"col-md-4 col-sm-6\">\n\t\t\t\t\t<div class=\"card-style-three mt-50\">\n\t\t\t\t\t\t<div class=\"icon d-flex align-items-center justify-content-center\"><img decoding=\"async\" src=\"https:\/\/webactiva.cl\/wp-content\/uploads\/2021\/11\/icon_24.svg\" alt=\"Awesome Image\" class=\"tran3s\"><\/div>\t\t\t\t\t\t<h4 class=\"title\">Estrategias personalizadas para cada negocio<\/h4>\n\t\t\t\t\t\t<p>Dise\u00f1amos planes de marketing digital adaptados a tus objetivos, industria y p\u00fablico. Nada gen\u00e9rico: todo pensado para tu marca.<\/p>\n\t\t\t\t\t<\/div> <!-- \/.card-style-three -->\n\t\t\t\t<\/div>\n\t\t\t\t\t\t\t\t<div class=\"col-md-4 col-sm-6\">\n\t\t\t\t\t<div class=\"card-style-three mt-50\">\n\t\t\t\t\t\t<div class=\"icon d-flex align-items-center justify-content-center\"><img decoding=\"async\" src=\"https:\/\/webactiva.cl\/wp-content\/uploads\/2021\/11\/icon_25.svg\" alt=\"Awesome Image\" class=\"tran3s\"><\/div>\t\t\t\t\t\t<h4 class=\"title\">Resultados medibles y crecimiento real<\/h4>\n\t\t\t\t\t\t<p>Monitoreamos cada campa\u00f1a con m\u00e9tricas claras y reportes precisos para que veas c\u00f3mo tu inversi\u00f3n se transforma en resultados.<\/p>\n\t\t\t\t\t<\/div> <!-- \/.card-style-three -->\n\t\t\t\t<\/div>\n\t\t\t\t\t\t\t\t<div class=\"col-md-4 col-sm-6\">\n\t\t\t\t\t<div class=\"card-style-three mt-50\">\n\t\t\t\t\t\t<div class=\"icon d-flex align-items-center justify-content-center\"><img decoding=\"async\" src=\"https:\/\/webactiva.cl\/wp-content\/uploads\/2021\/11\/icon_26.svg\" alt=\"Awesome Image\" class=\"tran3s\"><\/div>\t\t\t\t\t\t<h4 class=\"title\">Campa\u00f1as optimizadas para atraer m\u00e1s clientes<\/h4>\n\t\t\t\t\t\t<p>Usamos herramientas inteligentes y segmentaci\u00f3n avanzada para llegar al p\u00fablico correcto en el momento exacto.<\/p>\n\t\t\t\t\t<\/div> <!-- \/.card-style-three -->\n\t\t\t\t<\/div>\n\t\t\t\t\t\t\t<\/div>\n\t\t<\/div>\n\t<\/div> \n    <!-- \/.vcamp-feature-section-three -->\n    \n    \t\t\t\t<\/div>\n\t\t\t\t<\/div>\n\t\t\t\t\t<\/div>\n\t\t<\/div>\n\t\t\t\t\t<\/div>\n\t\t<\/section>\n\t\t\t\t<section class=\"elementor-section elementor-top-section elementor-element elementor-element-a603a78 elementor-section-full_width elementor-section-height-default elementor-section-height-default\" data-id=\"a603a78\" data-element_type=\"section\">\n\t\t\t\t\t\t<div class=\"elementor-container elementor-column-gap-default\">\n\t\t\t\t\t<div class=\"elementor-column elementor-col-100 elementor-top-column elementor-element elementor-element-35efa61\" data-id=\"35efa61\" data-element_type=\"column\">\n\t\t\t<div class=\"elementor-widget-wrap elementor-element-populated\">\n\t\t\t\t\t\t<div class=\"elementor-element elementor-element-eb102af elementor-widget elementor-widget-vcamp_we_solve_problem\" data-id=\"eb102af\" data-element_type=\"widget\" data-widget_type=\"vcamp_we_solve_problem.default\">\n\t\t\t\t<div class=\"elementor-widget-container\">\n\t\t\t\t\t\t<!-- \n\t=============================================\n\t\tVcamp Text Block Eleven\n\t============================================== \n\t-->\n\t<div class=\"vcamp-text-block-eleven mt-140 lg-mt-120\">\n\t\t<div class=\"container\">\n\t\t\t<div class=\"row align-items-center\">\n\t\t\t\t<div class=\"col-lg-6\">\n\t\t\t\t\t<div class=\"title-style-nine\">\n\t\t\t\t\t\t<div class=\"upper-title\">Creamos campa\u00f1as de marketing digital que conectan, inspiran y convierten.\n<\/div>\t\t\t\t\t\t<h2 class=\"title\">Haz que tu marca llegue m\u00e1s lejos con Web Activa<\/h2>\t\t\t\t\t<\/div>\n\t\t\t\t<\/div>\n\t\t\t\t\t\t\t\t<div class=\"col-lg-5 ms-auto\">\n\t\t\t\t\t<p class=\"meta-info-text md-pt-30\">En Web Activa llevamos tu negocio <span>al siguiente nivel<\/span> con estrategias medibles y efectivas.<\/p>\n\t\t\t\t<\/div>\n\t\t\t\t\t\t\t<\/div>\n\t\t<\/div>\n\n\t\t<div class=\"main-content\">\n\t\t\t<div class=\"container\">\n\t\t\t\t<div class=\"row\">\n\t\t\t\t\t<div class=\"col-xl-5 col-lg-6 ms-auto\">\n\t\t\t\t\t\t<div class=\"accordion accordion-style-one\" id=\"accordionOne\">\n\t\t\t\t\t\t\t\t\t\t\t\t\t\t<div class=\"accordion-item\">\n\t\t\t\t\t\t\t\t<div class=\"accordion-header\" id=\"headingOne1\">\n\t\t\t\t\t\t\t\t\t<button class=\"accordion-button collapsed\" type=\"button\" data-bs-toggle=\"collapse\" data-bs-target=\"#collapseOne1\" aria-expanded=\"true\" aria-controls=\"collapseOne1\">\n\t\t\t\t\t\t\t\t\t\t\u00bfPor qu\u00e9 elegir Web Activa para tus campa\u00f1as?\t\t\t\t\t\t\t\t\t<\/button>\n\t\t\t\t\t\t\t\t<\/div>\n\t\t\t\t\t\t\t\t<div id=\"collapseOne1\" class=\"accordion-collapse collapse \" aria-labelledby=\"headingOne1\" data-bs-parent=\"#accordionOne\">\n\t\t\t\t\t\t\t\t\t<div class=\"accordion-body\">\n\t\t\t\t\t\t\t\t\t\t<p>Porque combinamos creatividad y an\u00e1lisis. Cada campa\u00f1a se dise\u00f1a estrat\u00e9gicamente para generar impacto real y atraer clientes potenciales, no solo clics.<\/p>\n\t\t\t\t\t\t\t\t\t<\/div>\n\t\t\t\t\t\t\t\t<\/div>\n\t\t\t\t\t\t\t<\/div>\n\t\t\t\t\t\t\t\t\t\t\t\t\t\t<div class=\"accordion-item\">\n\t\t\t\t\t\t\t\t<div class=\"accordion-header\" id=\"headingOne2\">\n\t\t\t\t\t\t\t\t\t<button class=\"accordion-button \" type=\"button\" data-bs-toggle=\"collapse\" data-bs-target=\"#collapseOne2\" aria-expanded=\"true\" aria-controls=\"collapseOne2\">\n\t\t\t\t\t\t\t\t\t\t\u00bfQu\u00e9 diferencia a nuestras estrategias digitales?\t\t\t\t\t\t\t\t\t<\/button>\n\t\t\t\t\t\t\t\t<\/div>\n\t\t\t\t\t\t\t\t<div id=\"collapseOne2\" class=\"accordion-collapse collapse show\" aria-labelledby=\"headingOne2\" data-bs-parent=\"#accordionOne\">\n\t\t\t\t\t\t\t\t\t<div class=\"accordion-body\">\n\t\t\t\t\t\t\t\t\t\t<p>Optimizamos cada detalle: desde la segmentaci\u00f3n y los anuncios hasta la medici\u00f3n de resultados. As\u00ed aseguramos que tu inversi\u00f3n publicitaria tenga el m\u00e1ximo retorno.<\/p>\n\t\t\t\t\t\t\t\t\t<\/div>\n\t\t\t\t\t\t\t\t<\/div>\n\t\t\t\t\t\t\t<\/div>\n\t\t\t\t\t\t\t\t\t\t\t\t\t\t<div class=\"accordion-item\">\n\t\t\t\t\t\t\t\t<div class=\"accordion-header\" id=\"headingOne3\">\n\t\t\t\t\t\t\t\t\t<button class=\"accordion-button collapsed\" type=\"button\" data-bs-toggle=\"collapse\" data-bs-target=\"#collapseOne3\" aria-expanded=\"true\" aria-controls=\"collapseOne3\">\n\t\t\t\t\t\t\t\t\t\t\u00bfQu\u00e9 obtienes al trabajar con nosotros?\t\t\t\t\t\t\t\t\t<\/button>\n\t\t\t\t\t\t\t\t<\/div>\n\t\t\t\t\t\t\t\t<div id=\"collapseOne3\" class=\"accordion-collapse collapse \" aria-labelledby=\"headingOne3\" data-bs-parent=\"#accordionOne\">\n\t\t\t\t\t\t\t\t\t<div class=\"accordion-body\">\n\t\t\t\t\t\t\t\t\t\t<p>Un equipo comprometido, campa\u00f1as que crecen contigo y resultados medibles que impulsan tu negocio en el mundo digital.<\/p>\n\t\t\t\t\t\t\t\t\t<\/div>\n\t\t\t\t\t\t\t\t<\/div>\n\t\t\t\t\t\t\t<\/div>\n\t\t\t\t\t\t\t\t\t\t\t\t\t\t<div class=\"accordion-item\">\n\t\t\t\t\t\t\t\t<div class=\"accordion-header\" id=\"headingOne4\">\n\t\t\t\t\t\t\t\t\t<button class=\"accordion-button collapsed\" type=\"button\" data-bs-toggle=\"collapse\" data-bs-target=\"#collapseOne4\" aria-expanded=\"true\" aria-controls=\"collapseOne4\">\n\t\t\t\t\t\t\t\t\t\t\u00bfC\u00f3mo aseguramos que tu marca destaque entre la competencia\t\t\t\t\t\t\t\t\t<\/button>\n\t\t\t\t\t\t\t\t<\/div>\n\t\t\t\t\t\t\t\t<div id=\"collapseOne4\" class=\"accordion-collapse collapse \" aria-labelledby=\"headingOne4\" data-bs-parent=\"#accordionOne\">\n\t\t\t\t\t\t\t\t\t<div class=\"accordion-body\">\n\t\t\t\t\t\t\t\t\t\t<p>Creamos mensajes potentes, piezas visuales atractivas y estrategias publicitarias que posicionan tu marca donde realmente importa: en la mente y el coraz\u00f3n de tus clientes.<\/p>\n\t\t\t\t\t\t\t\t\t<\/div>\n\t\t\t\t\t\t\t\t<\/div>\n\t\t\t\t\t\t\t<\/div>\n\t\t\t\t\t\t\t\t\t\t\t\t\t<\/div>\n\t\t\t\t\t<\/div>\n\t\t\t\t<\/div>\n\t\t\t<\/div>\n\t\t\t\t\t\t<div class=\"left-img-meta\">\n\t\t\t\t<img decoding=\"async\" src=\"https:\/\/webactiva.cl\/wp-content\/uploads\/2025\/10\/digital_martk.png\" alt=\"Awesome Image\" class=\"w-100\">\n\t\t\t<\/div> <!-- \/.left-img-meta -->\n\t\t\t\t\t<\/div> <!-- \/.main-content -->\n\t<\/div> <!-- \/.vcamp-text-block-eleven -->\n\t<!-- \n\t=============================================\n\t\tEnd Vcamp Text Block Eleven\n\t============================================== \n\t-->\n    \t\t\t\t<\/div>\n\t\t\t\t<\/div>\n\t\t\t\t\t<\/div>\n\t\t<\/div>\n\t\t\t\t\t<\/div>\n\t\t<\/section>\n\t\t\t\t<section class=\"elementor-section elementor-top-section elementor-element elementor-element-50ebbd5 elementor-section-full_width elementor-section-height-default elementor-section-height-default\" data-id=\"50ebbd5\" data-element_type=\"section\">\n\t\t\t\t\t\t<div class=\"elementor-container elementor-column-gap-default\">\n\t\t\t\t\t<div class=\"elementor-column elementor-col-100 elementor-top-column elementor-element elementor-element-0823320\" data-id=\"0823320\" data-element_type=\"column\">\n\t\t\t<div class=\"elementor-widget-wrap elementor-element-populated\">\n\t\t\t\t\t\t<div class=\"elementor-element elementor-element-1178a49 elementor-widget elementor-widget-vcamp_choose_vcamp\" data-id=\"1178a49\" data-element_type=\"widget\" data-widget_type=\"vcamp_choose_vcamp.default\">\n\t\t\t\t<div class=\"elementor-widget-container\">\n\t\t\t\t\t\t\n    <!-- \n\t=============================================\n\t\tVcamp Text Block Twelve\n\t============================================== \n\t-->\n\t<div class=\"vcamp-text-block-twelve mt-250 lg-mt-120 pb-20\">\n\t\t<div class=\"container\">\n\t\t\t<div class=\"row\">\n\t\t\t\t<div class=\"col-xxl-5 col-xl-6 col-lg-7\">\n\t\t\t\t\t<div class=\"text-wrapper\">\n\t\t\t\t\t\t\t\t\t\t\t\t\t\t\t\t\t\t<div class=\"title-style-nine pt-40 pb-45 lg-pb-30\">\n\t\t\t\t\t\t\t<h2 class=\"title\">Impulsa tu marca con estrategias que realmente funcionan<\/h2>\n\t\t\t\t\t\t<\/div>\n\t\t\t\t\t\t\t\t\t\t\t\t<p class=\"meta-info-text\">En Web Activa creamos campa\u00f1as digitales que conectan con tu audiencia, aumentan tu visibilidad y transforman clics en resultados reales.<\/p>\t\t\t\t\t\t\t\t\t\t\t\t<a href=\"http:\/\/fastwpdemo.com\/newwp\/vcamp\/contact-agency\/\" class=\"theme-btn-twelve mt-45 lg-mt-30\">CONVERSEMOS<\/a>\t\t\t\t\t<\/div> <!-- \/.text-wrapper -->\n\t\t\t\t<\/div>\n\t\t\t<\/div>\n\t\t<\/div>\n\t\t\t\t<div class=\"right-img-meta\">\n\t\t\t<img decoding=\"async\" src=\"https:\/\/webactiva.cl\/wp-content\/uploads\/2022\/01\/img_71.jpg\" alt=\"Awesome Image\" class=\"w-100 main-img\">\n\t\t<\/div> <!-- \/.right-img-meta -->\n\t\t\t<\/div> <!-- \/.vcamp-text-block-twelve -->\n\t<!-- \n\t=============================================\n\t\tEnd Vcamp Text Block Twelve\n\t============================================== \n\t-->\n    \t\t\t\t<\/div>\n\t\t\t\t<\/div>\n\t\t\t\t\t<\/div>\n\t\t<\/div>\n\t\t\t\t\t<\/div>\n\t\t<\/section>\n\t\t\t\t<\/div>\n\t\t","protected":false},"excerpt":{"rendered":"<p>Conectamos marcas con personas reales. Creamos estrategias digitales que generan visibilidad, interacci\u00f3n y resultados medibles. \ud83d\udc49 \u00a1Consulta con un experto ahora! Estrategias personalizadas para cada negocio Dise\u00f1amos planes de marketing digital adaptados a tus objetivos, industria y p\u00fablico. Nada gen\u00e9rico: todo pensado para tu marca. Resultados medibles y crecimiento real Monitoreamos cada campa\u00f1a con m\u00e9tricas [&hellip;]<\/p>\n","protected":false},"author":1,"featured_media":0,"parent":0,"menu_order":0,"comment_status":"closed","ping_status":"closed","template":"tpl-default-elementor.php","meta":{"footnotes":""},"class_list":["post-452","page","type-page","status-publish","hentry"],"_links":{"self":[{"href":"https:\/\/webactiva.cl\/index.php\/wp-json\/wp\/v2\/pages\/452","targetHints":{"allow":["GET"]}}],"collection":[{"href":"https:\/\/webactiva.cl\/index.php\/wp-json\/wp\/v2\/pages"}],"about":[{"href":"https:\/\/webactiva.cl\/index.php\/wp-json\/wp\/v2\/types\/page"}],"author":[{"embeddable":true,"href":"https:\/\/webactiva.cl\/index.php\/wp-json\/wp\/v2\/users\/1"}],"replies":[{"embeddable":true,"href":"https:\/\/webactiva.cl\/index.php\/wp-json\/wp\/v2\/comments?post=452"}],"version-history":[{"count":50,"href":"https:\/\/webactiva.cl\/index.php\/wp-json\/wp\/v2\/pages\/452\/revisions"}],"predecessor-version":[{"id":5453,"href":"https:\/\/webactiva.cl\/index.php\/wp-json\/wp\/v2\/pages\/452\/revisions\/5453"}],"wp:attachment":[{"href":"https:\/\/webactiva.cl\/index.php\/wp-json\/wp\/v2\/media?parent=452"}],"curies":[{"name":"wp","href":"https:\/\/api.w.org\/{rel}","templated":true}]}}